{"id":45,"date":"2025-04-07T15:07:18","date_gmt":"2025-04-07T13:07:18","guid":{"rendered":"https:\/\/glasklarplus.de\/blog\/?page_id=45"},"modified":"2025-04-25T12:50:57","modified_gmt":"2025-04-25T10:50:57","slug":"start","status":"publish","type":"page","link":"https:\/\/glasklarplus.de\/blog\/","title":{"rendered":"Start"},"content":{"rendered":"<p>[et_pb_section fb_built=&#8220;1&#8243; admin_label=&#8220;Header&#8220; _builder_version=&#8220;4.27.4&#8243; _module_preset=&#8220;default&#8220; background_image=&#8220;https:\/\/glasklarplus.de\/blog\/wp-content\/uploads\/2025\/04\/AdobeStock_338816812hell.png&#8220; custom_padding=&#8220;5vw||5vw||true|false&#8220; background_last_edited=&#8220;on|tablet&#8220; background_color_gradient_direction_tablet=&#8220;180deg&#8220; collapsed=&#8220;on&#8220; global_colors_info=&#8220;{%22gcid-1c7f682d-c09a-42e9-8b1c-535ba676533f%22:%91%22background_color_gradient_stops%22%93}&#8220;][et_pb_row column_structure=&#8220;1_2,1_2&#8243; _builder_version=&#8220;4.27.4&#8243; _module_preset=&#8220;default&#8220; z_index=&#8220;1&#8243; global_colors_info=&#8220;{}&#8220;][et_pb_column type=&#8220;1_2&#8243; _builder_version=&#8220;4.20.0&#8243; _module_preset=&#8220;default&#8220; z_index=&#8220;10&#8243; z_index_tablet=&#8220;2&#8243; z_index_phone=&#8220;2&#8243; z_index_last_edited=&#8220;on|tablet&#8220; global_colors_info=&#8220;{}&#8220;][et_pb_text _builder_version=&#8220;4.27.4&#8243; _module_preset=&#8220;_initial&#8220; text_text_color=&#8220;#59bbaa&#8220; header_4_font=&#8220;Inter|700||on|||||&#8220; header_4_text_color=&#8220;#59bbaa&#8220; header_4_font_size=&#8220;14px&#8220; header_4_letter_spacing=&#8220;1px&#8220; text_orientation=&#8220;center&#8220; custom_margin=&#8220;||10px||false|false&#8220; global_colors_info=&#8220;{}&#8220;]<\/p>\n<h4>Djamal Moghaddamnia<\/h4>\n<p>[\/et_pb_text][et_pb_text _builder_version=&#8220;4.27.4&#8243; _module_preset=&#8220;_initial&#8220; header_font=&#8220;Belleza|||on|||||&#8220; header_text_color=&#8220;#009fe3&#8243; header_font_size=&#8220;60px&#8220; header_line_height=&#8220;1.2em&#8220; text_orientation=&#8220;center&#8220; header_font_size_tablet=&#8220;40px&#8220; header_font_size_phone=&#8220;24px&#8220; header_font_size_last_edited=&#8220;on|desktop&#8220; global_colors_info=&#8220;{}&#8220;]<\/p>\n<h1>Fensterpflege mit Herz<\/h1>\n<p>[\/et_pb_text][et_pb_button button_url=&#8220;mailto:kontakt@glasklarplus.de&#8220; url_new_window=&#8220;on&#8220; button_text=&#8220;Kontakt&#8220; button_alignment=&#8220;center&#8220; _builder_version=&#8220;4.27.4&#8243; _module_preset=&#8220;default&#8220; global_colors_info=&#8220;{}&#8220;][\/et_pb_button][et_pb_text _builder_version=&#8220;4.27.4&#8243; _module_preset=&#8220;default&#8220; header_2_text_align=&#8220;center&#8220; header_2_font_size=&#8220;50px&#8220; animation_style=&#8220;zoom&#8220; global_colors_info=&#8220;{}&#8220;]<\/p>\n<h2>0160-5062654<\/h2>\n<p>[\/et_pb_text][\/et_pb_column][et_pb_column type=&#8220;1_2&#8243; _builder_version=&#8220;4.20.0&#8243; _module_preset=&#8220;default&#8220; global_colors_info=&#8220;{}&#8220;][et_pb_image src=&#8220;https:\/\/glasklarplus.de\/blog\/wp-content\/uploads\/2025\/04\/LogoHerzgruen.png&#8220; title_text=&#8220;LogoHerzgr\u00fcn&#8220; align=&#8220;center&#8220; _builder_version=&#8220;4.27.4&#8243; _module_preset=&#8220;default&#8220; max_height_tablet=&#8220;300px&#8220; max_height_phone=&#8220;300px&#8220; max_height_last_edited=&#8220;on|tablet&#8220; locked=&#8220;off&#8220; global_colors_info=&#8220;{}&#8220; transform_styles__hover_enabled=&#8220;on|hover&#8220; transform_scale__hover_enabled=&#8220;on|hover&#8220; transform_translate__hover_enabled=&#8220;on|desktop&#8220; transform_rotate__hover_enabled=&#8220;on|desktop&#8220; transform_skew__hover_enabled=&#8220;on|desktop&#8220; transform_origin__hover_enabled=&#8220;on|desktop&#8220; transform_scale__hover=&#8220;108%|108%&#8220;][\/et_pb_image][et_pb_button button_text=&#8220;Google-Rezensionen&#8220; _builder_version=&#8220;4.27.4&#8243; _module_preset=&#8220;default&#8220; button_url=&#8220;https:\/\/www.google.de\/search?sca_esv=473d468abdc3ab19&#038;uds=ABqPDvztZD_Nu18FR6tNPw2cK_RRgPocZNJgYutdBYynNDH3ju4Ce5NTwieawaETrVxrwVggnBPpNpMurdpnWYxx5TisaPTBCJ_VKaoE9reEwn7q7WAKaMz_Yt6LwWR-RQDDNgMnSdYV1ptYHO34M-P8-DfOlYWfqw&#038;si=APYL9bs7Hg2KMLB-4tSoTdxuOx8BdRvHbByC_AuVpNyh0x2KzeSLOhJv1KkzeBarjzYEeAOfOYz0cRPGri0QzV6LQ7J7Fh8GLgttcEYWu2SV-1lwIOL1E54%3D&#038;q=Glasklarplus+Rezensionen&#038;sa=X&#038;ved=2ahUKEwiXyNO6gfOMAxXaRvEDHeuuEPUQ3PALegQILBAF&#038;biw=1912&#038;bih=928&#8243; url_new_window=&#8220;on&#8220; hover_enabled=&#8220;0&#8243; sticky_enabled=&#8220;0&#8243;][\/et_pb_button][\/et_pb_column][\/et_pb_row][\/et_pb_section][et_pb_section fb_built=&#8220;1&#8243; _builder_version=&#8220;4.27.4&#8243; _module_preset=&#8220;default&#8220; global_colors_info=&#8220;{}&#8220;][et_pb_row column_structure=&#8220;2_5,3_5&#8243; _builder_version=&#8220;4.27.4&#8243; _module_preset=&#8220;default&#8220; global_colors_info=&#8220;{}&#8220;][et_pb_column type=&#8220;2_5&#8243; _builder_version=&#8220;4.27.4&#8243; _module_preset=&#8220;default&#8220; global_colors_info=&#8220;{}&#8220;][et_pb_image src=&#8220;https:\/\/glasklarplus.de\/blog\/wp-content\/uploads\/2025\/04\/AdobeStock_46941095.png&#8220; title_text=&#8220;AdobeStock_46941095&#8243; _builder_version=&#8220;4.27.4&#8243; _module_preset=&#8220;default&#8220; custom_padding=&#8220;50px||||false|false&#8220; global_colors_info=&#8220;{}&#8220; transform_styles__hover_enabled=&#8220;on|hover&#8220; transform_scale__hover_enabled=&#8220;on|hover&#8220; transform_translate__hover_enabled=&#8220;on|desktop&#8220; transform_rotate__hover_enabled=&#8220;on|desktop&#8220; transform_skew__hover_enabled=&#8220;on|desktop&#8220; transform_origin__hover_enabled=&#8220;on|desktop&#8220; transform_scale__hover=&#8220;108%|108%&#8220;][\/et_pb_image][\/et_pb_column][et_pb_column type=&#8220;3_5&#8243; _builder_version=&#8220;4.27.4&#8243; _module_preset=&#8220;default&#8220; global_colors_info=&#8220;{}&#8220;][et_pb_text _builder_version=&#8220;4.27.4&#8243; _module_preset=&#8220;default&#8220; global_colors_info=&#8220;{}&#8220;]<\/p>\n<h2 data-start=\"92\" data-end=\"136\" class=\"\"><strong data-start=\"95\" data-end=\"136\">Glasklarplus \u2013 Fensterpflege mit Herz<\/strong><\/h2>\n<p data-start=\"138\" data-end=\"422\" class=\"\"><strong data-start=\"138\" data-end=\"195\">Saubere Fenster. Klare Sicht. Echtes Plus an Service.<\/strong><br data-start=\"195\" data-end=\"198\" \/>Bei <em data-start=\"202\" data-end=\"216\">Glasklarplus<\/em> bekommen Sie mehr als nur streifenfreien Glanz: Mit Herz, Blick f\u00fcrs Detail und dem gewissen Extra k\u00fcmmere ich mich um Ihre Fenster \u2013 gr\u00fcndlich, sorgf\u00e4ltig und ganz nach dem Prinzip \u201ewie bei Mutti daheim\u201c.<\/p>\n<p data-start=\"424\" data-end=\"662\" class=\"\">Ob Altbau oder Neubau, Erdgeschoss oder Dachgeschoss \u2013 ich reinige Fenster aller Art und nehme dabei auch gleich das Drumherum in den Blick: Spinnweben in den Ecken, Fensterrahmen, Fensterb\u00e4nke \u2013 alles wird sauber, schnell und ordentlich.<\/p>\n<p data-start=\"664\" data-end=\"889\" class=\"\"><strong data-start=\"664\" data-end=\"690\">Plus: Hilfe im Alltag.<\/strong><br data-start=\"690\" data-end=\"693\" \/>Sie brauchen Unterst\u00fctzung beim M\u00f6belr\u00fccken, dem Aufbau eines Regals oder m\u00f6chten nicht selbst die schweren Einkaufstaschen schleppen? Ich packe mit an \u2013 zuverl\u00e4ssig, freundlich und unkompliziert.<\/p>\n<p data-start=\"891\" data-end=\"976\" class=\"\"><strong data-start=\"891\" data-end=\"907\">Glasklarplus<\/strong> \u2013 weil ein guter Service dort beginnt, wo andere l\u00e4ngst fertig sind.<\/p>\n<p>[\/et_pb_text][\/et_pb_column][\/et_pb_row][\/et_pb_section][et_pb_section fb_built=&#8220;1&#8243; _builder_version=&#8220;4.27.4&#8243; _module_preset=&#8220;default&#8220; background_color=&#8220;rgba(89,187,170,0.18)&#8220; global_colors_info=&#8220;{}&#8220;][et_pb_row column_structure=&#8220;3_5,2_5&#8243; _builder_version=&#8220;4.27.4&#8243; _module_preset=&#8220;default&#8220; global_colors_info=&#8220;{}&#8220;][et_pb_column type=&#8220;3_5&#8243; _builder_version=&#8220;4.27.4&#8243; _module_preset=&#8220;default&#8220; global_colors_info=&#8220;{}&#8220;][et_pb_text _builder_version=&#8220;4.27.4&#8243; _module_preset=&#8220;default&#8220; global_colors_info=&#8220;{}&#8220;]<\/p>\n<h2 data-start=\"99\" data-end=\"113\" class=\"\"><strong data-start=\"102\" data-end=\"113\">Kontakt<\/strong><\/h2>\n<p data-start=\"115\" data-end=\"277\" class=\"\">Sie m\u00f6chten einen Termin vereinbaren, haben Fragen oder w\u00fcnschen ein kostenloses, individuelles Angebot?<\/p>\n<p data-start=\"115\" data-end=\"277\" class=\"\">Ich bin gern f\u00fcr Sie da \u2013 unkompliziert, pers\u00f6nlich und zuverl\u00e4ssig.<\/p>\n<p data-start=\"279\" data-end=\"418\" class=\"\"><strong data-start=\"279\" data-end=\"362\">Rufen Sie an oder schreiben Sie eine Nachricht.<\/strong><br data-start=\"362\" data-end=\"365\" \/>Ich melde mich schnellstm\u00f6glich zur\u00fcck \u2013 versprochen!<\/p>\n<p data-start=\"279\" data-end=\"418\" class=\"\">\n<p data-start=\"420\" data-end=\"517\" class=\"\" style=\"text-align: center;\"><strong data-start=\"420\" data-end=\"462\">Glasklarplus \u2013 Fensterpflege mit Herz.<\/strong><br data-start=\"462\" data-end=\"465\" \/>Weil guter Service mit einem guten Gespr\u00e4ch beginnt.<\/p>\n<p>[\/et_pb_text][et_pb_text _builder_version=&#8220;4.27.4&#8243; _module_preset=&#8220;default&#8220; header_2_text_align=&#8220;center&#8220; header_2_font_size=&#8220;50px&#8220; animation_style=&#8220;zoom&#8220; global_colors_info=&#8220;{}&#8220;]<\/p>\n<h2>0160-5062654<\/h2>\n<p style=\"text-align: center;\">Ich freue mich auf Ihren Anruf!<\/p>\n<p>[\/et_pb_text][\/et_pb_column][et_pb_column type=&#8220;2_5&#8243; _builder_version=&#8220;4.27.4&#8243; _module_preset=&#8220;default&#8220; global_colors_info=&#8220;{}&#8220;][et_pb_image src=&#8220;https:\/\/glasklarplus.de\/blog\/wp-content\/uploads\/2025\/04\/AdobeStock_220164801.png&#8220; title_text=&#8220;AdobeStock_220164801&#8243; _builder_version=&#8220;4.27.4&#8243; _module_preset=&#8220;default&#8220; global_colors_info=&#8220;{}&#8220; transform_styles__hover_enabled=&#8220;on|hover&#8220; transform_scale__hover_enabled=&#8220;on|hover&#8220; transform_translate__hover_enabled=&#8220;on|desktop&#8220; transform_rotate__hover_enabled=&#8220;on|desktop&#8220; transform_skew__hover_enabled=&#8220;on|desktop&#8220; transform_origin__hover_enabled=&#8220;on|desktop&#8220; transform_scale__hover=&#8220;108%|108%&#8220;][\/et_pb_image][et_pb_button button_url=&#8220;mailto:kontakt@glasklarplus.de&#8220; url_new_window=&#8220;on&#8220; button_text=&#8220;E-Mail schreiben&#8220; button_alignment=&#8220;center&#8220; _builder_version=&#8220;4.27.4&#8243; _module_preset=&#8220;default&#8220; global_colors_info=&#8220;{}&#8220;][\/et_pb_button][\/et_pb_column][\/et_pb_row][\/et_pb_section]<\/p>\n","protected":false},"excerpt":{"rendered":"<p>Djamal MoghaddamniaFensterpflege mit Herz0160-5062654Glasklarplus \u2013 Fensterpflege mit Herz Saubere Fenster. Klare Sicht. Echtes Plus an Service.Bei Glasklarplus bekommen Sie mehr als nur streifenfreien Glanz: Mit Herz, Blick f\u00fcrs Detail und dem gewissen Extra k\u00fcmmere ich mich um Ihre Fenster \u2013 gr\u00fcndlich, sorgf\u00e4ltig und ganz nach dem Prinzip \u201ewie bei Mutti daheim\u201c. Ob Altbau oder Neubau, [&hellip;]<\/p>\n","protected":false},"author":1,"featured_media":0,"parent":0,"menu_order":0,"comment_status":"closed","ping_status":"closed","template":"","meta":{"_et_pb_use_builder":"on","_et_pb_old_content":"","_et_gb_content_width":"","footnotes":""},"class_list":["post-45","page","type-page","status-publish","hentry"],"_links":{"self":[{"href":"https:\/\/glasklarplus.de\/blog\/wp-json\/wp\/v2\/pages\/45","targetHints":{"allow":["GET"]}}],"collection":[{"href":"https:\/\/glasklarplus.de\/blog\/wp-json\/wp\/v2\/pages"}],"about":[{"href":"https:\/\/glasklarplus.de\/blog\/wp-json\/wp\/v2\/types\/page"}],"author":[{"embeddable":true,"href":"https:\/\/glasklarplus.de\/blog\/wp-json\/wp\/v2\/users\/1"}],"replies":[{"embeddable":true,"href":"https:\/\/glasklarplus.de\/blog\/wp-json\/wp\/v2\/comments?post=45"}],"version-history":[{"count":13,"href":"https:\/\/glasklarplus.de\/blog\/wp-json\/wp\/v2\/pages\/45\/revisions"}],"predecessor-version":[{"id":93,"href":"https:\/\/glasklarplus.de\/blog\/wp-json\/wp\/v2\/pages\/45\/revisions\/93"}],"wp:attachment":[{"href":"https:\/\/glasklarplus.de\/blog\/wp-json\/wp\/v2\/media?parent=45"}],"curies":[{"name":"wp","href":"https:\/\/api.w.org\/{rel}","templated":true}]}}