{"id":25,"date":"2025-04-07T14:46:42","date_gmt":"2025-04-07T12:46:42","guid":{"rendered":"https:\/\/glasklarplus.de\/blog\/disclaimer\/"},"modified":"2025-04-07T14:46:42","modified_gmt":"2025-04-07T12:46:42","slug":"disclaimer","status":"publish","type":"page","link":"https:\/\/glasklarplus.de\/blog\/disclaimer\/","title":{"rendered":"Disclaimer"},"content":{"rendered":"\n<!-- Legal document generated by Complianz | GDPR\/CCPA Cookie Consent https:\/\/wordpress.org\/plugins\/complianz-gdpr -->\n<div id=\"cmplz-document\" class=\"cmplz-document disclaimer cmplz-document-all\"><p>GlasklarPlus, Inh. Djamal Moghaddamnia verpflichtet sich, diese Website auf dem neuesten Stand und korrekt zu halten. Sollten Sie dennoch auf etwas Unkorrektes oder Veraltetes sto\u00dfen, w\u00fcrden wir uns freuen, wenn Sie uns dies mitteilen k\u00f6nnten. Bitte geben Sie auf der Website an, wo Sie die Informationen gelesen haben. Wir werden uns dann so schnell wie m\u00f6glich darum k\u00fcmmern. Bitte senden Sie Ihre Antwort per E-Mail an: <span class=\"cmplz-obfuscate\">&#100;&#109;@<span class=\"cmplz-fmail-domain\">&#101;&#120;.&#099;om<\/span>gla&#115;&#107;l&#097;r&#112;l&#117;s&#046;&#100;e<\/span>.<\/p><p>Wir haften nicht f\u00fcr Verluste aufgrund von Ungenauigkeiten oder Unvollst\u00e4ndigkeiten oder f\u00fcr Verluste aufgrund von Problemen, die durch die Verbreitung von Informationen \u00fcber das Internet verursacht werden oder damit verbunden sind, wie beispielsweise St\u00f6rungen oder Unterbrechungen. Bei der Verwendung von Internetformularen bem\u00fchen wir uns, die Anzahl der erforderlichen Felder auf ein Minimum zu beschr\u00e4nken. F\u00fcr Verluste, die durch die Nutzung von Daten, Ratschl\u00e4gen oder Ideen entstehen, die von oder im Auftrag von GlasklarPlus, Inh. Djamal Moghaddamnia \u00fcber diese Website zur Verf\u00fcgung gestellt werden, \u00fcbernimmt GlasklarPlus, Inh. Djamal Moghaddamnia keine Haftung.<\/p><p>Alle geistigen Eigentumsrechte an Inhalten dieser Website liegen bei GlasklarPlus, Inh. Djamal Moghaddamnia.<\/p><p>Das Kopieren, Verbreiten und jede andere Verwendung dieser Materialien ist ohne die schriftliche Genehmigung von GlasklarPlus, Inh. Djamal Moghaddamnia nicht gestattet, es sei denn, in den zwingenden gesetzlichen Bestimmungen (wie dem Zitierrecht) ist etwas anderes vorgesehen, sofern der Inhalt nichts anderes bestimmt.<\/p><p>Wenn Sie Fragen oder Probleme mit der Erreichbarkeit der Website haben, z\u00f6gern Sie bitte nicht, uns zu kontaktieren.<\/p><\/div>","protected":false},"excerpt":{"rendered":"","protected":false},"author":1,"featured_media":0,"parent":0,"menu_order":0,"comment_status":"closed","ping_status":"closed","template":"","meta":{"_et_pb_use_builder":"","_et_pb_old_content":"","_et_gb_content_width":"","footnotes":""},"class_list":["post-25","page","type-page","status-publish","hentry"],"_links":{"self":[{"href":"https:\/\/glasklarplus.de\/blog\/wp-json\/wp\/v2\/pages\/25","targetHints":{"allow":["GET"]}}],"collection":[{"href":"https:\/\/glasklarplus.de\/blog\/wp-json\/wp\/v2\/pages"}],"about":[{"href":"https:\/\/glasklarplus.de\/blog\/wp-json\/wp\/v2\/types\/page"}],"author":[{"embeddable":true,"href":"https:\/\/glasklarplus.de\/blog\/wp-json\/wp\/v2\/users\/1"}],"replies":[{"embeddable":true,"href":"https:\/\/glasklarplus.de\/blog\/wp-json\/wp\/v2\/comments?post=25"}],"version-history":[{"count":0,"href":"https:\/\/glasklarplus.de\/blog\/wp-json\/wp\/v2\/pages\/25\/revisions"}],"wp:attachment":[{"href":"https:\/\/glasklarplus.de\/blog\/wp-json\/wp\/v2\/media?parent=25"}],"curies":[{"name":"wp","href":"https:\/\/api.w.org\/{rel}","templated":true}]}}